{"id":2220,"date":"2021-08-15T17:19:22","date_gmt":"2021-08-15T15:19:22","guid":{"rendered":"https:\/\/thewildside.co\/product\/set-telo-per-camper\/"},"modified":"2025-04-16T09:37:23","modified_gmt":"2025-04-16T07:37:23","slug":"set-per-camper","status":"publish","type":"product","link":"https:\/\/thewildside.co\/it\/product\/set-per-camper\/","title":{"rendered":"Set telo per camper"},"content":{"rendered":"<p dir=\"ltr\"><strong>Pi\u00f9 spazio<br \/>\n<\/strong>Il nostro telo ti offre quasi 20m\u00b2 di spazio quando \u00e8 completamente steso e quindi pi\u00f9 ombra rispetto alla maggior parte delle tende da sole presenti sul mercato. Se non hai molto spazio a disposizione, puoi allungare i lati verso il basso (come le pareti laterali) o arrotolarli. La profondit\u00e0 di 3 metri pu\u00f2 anche essere ridotta allungandola come un tetto a capanna. Hai la possibilit\u00e0 di avere una flessibilit\u00e0 totale e di entrare in un borsone di dimensioni ridotte (come una piccola borsa sportiva).<\/p>\n<p dir=\"ltr\"><strong>e protezione<br \/>\n<\/strong>Un tessuto di nylon antistrappo sviluppato per noi con un rivestimento in silicone multistrato, punti di aggancio rinforzati in fettuccia di sicurezza e occhielli cuciti per i pali del telo garantiscono che il telo possa resistere alle condizioni avverse. I picchetti a spirale e i picchetti per sabbia\/neve del set ti permettono di fissarli anche su terreni morbidi.<\/p>\n<p dir=\"ltr\"><strong>al sole<br \/>\n<\/strong>I tessuti economici di solito utilizzano un rivestimento in PU che diventa fragile con il tempo. Il tessuto sviluppato per noi \u00e8 estremamente morbido e il rivestimento in silicone \u00e8 resistente ai raggi UV. Il lato superiore riflette la luce, mentre il lato inferiore \u00e8 completamente opaco. Quindi possiamo garantire una protezione UV di 50+ con la coscienza pulita.<\/p>\n<p dir=\"ltr\"><strong>Vento<br \/>\n<\/strong>Essendo originario della Germania del Nord, Florian sa bene cosa sia un vento teso. Il telo \u00e8 progettato per resistere anche a un forte vento. Utilizziamo una fettuccia di sicurezza con un inserto Hyperlon resistente all&#8217;abrasione, in modo che i punti di aggancio siano estremamente robusti. Le pareti laterali, che possono essere tese verso il basso, consentono anche una maggiore protezione in caso di vento laterale.<\/p>\n<p><strong>e pioggia<br \/>\n<\/strong>L&#8217;acqua scorre verso il basso. Ecco perch\u00e9 il nostro telo ha sempre bisogno di una pendenza. Per questo, i lati possono essere tesi verso il basso e, dalla seconda produzione, tutte le cuciture sono ora sigillate. Cos\u00ec potrai goderti la natura anche all&#8217;esterno quando piove.<\/p>\n<p><strong>Cosa ci rende diversi dalle altre offerte?<\/strong><\/p>\n<ul>\n<li>Tessuto flessibile e resistente agli strappi che ritorna alla sua forma originale dopo lo stress.<\/li>\n<li dir=\"ltr\" role=\"presentation\">rivestimento in silicone resistente alla luce (anzich\u00e9 in PU) che non pu\u00f2 diventare fragile.<\/li>\n<li dir=\"ltr\" role=\"presentation\">Punti di aggancio con passanti cuciti per i pali del telo. Quindi non ci sono occhielli di metallo a buon mercato che si strappano con il tempo.<\/li>\n<li>Inserti Hyperlon resistenti all&#8217;abrasione nei passanti<\/li>\n<li>Il nostro telo \u00e8 pi\u00f9 veloce da montare grazie alla chiusura rimovibile e sta in piedi da solo. Cos\u00ec pu\u00f2 essere lasciata per un viaggio nei negozi o anche servita per una festa in giardino.<\/li>\n<li dir=\"ltr\" role=\"presentation\">I pali sono regolabili in altezza e sono collegati alla corrente. Sono completamente realizzati in alluminio rinforzato e non presentano parti in plastica.<\/li>\n<li dir=\"ltr\" role=\"presentation\">Il set di pioli diversi offre opzioni di montaggio per la maggior parte dei terreni.<\/li>\n<li dir=\"ltr\" aria-level=\"1\">\n<p dir=\"ltr\" role=\"presentation\">Le corde sono resistenti agli strappi ed extra riflettenti, con tiranti in alluminio molto facili da usare.<\/p>\n<\/li>\n<\/ul>\n","protected":false},"excerpt":{"rendered":"<p>1x Il telo per camper Wildside<br \/>\n1x Unit\u00e0 veicolo staccabile (camera d&#8217;equilibrio)<br \/>\n1x Borsa (per il telo e tutti gli accessori con uno scomparto separato per la camera d&#8217;equilibrio) &#8211; poco pi\u00f9 grande di una scatola di scarpe (e comprimibile!)<br \/>\n1x borsa per i picchetti e le corde<br \/>\n1x borsa per i pali<br \/>\n4x pali regolabili in altezza (alluminio 7075)<br \/>\n2x picchetti per sabbia\/neve (alluminio 7075)<br \/>\n3x picchetti a spirale per terreni fangosi (alluminio 7075)<br \/>\n7x picchetti a Y &#8211; i robusti picchetti universali (alluminio 7075)<br \/>\n12x tiranti in paracord riflettente a sgancio rapido (qualit\u00e0 mil-tec)<\/p>\n","protected":false},"featured_media":1837,"template":"","meta":{"_acf_changed":false,"site-sidebar-layout":"no-sidebar","site-content-layout":"page-builder","ast-site-content-layout":"full-width-container","site-content-style":"unboxed","site-sidebar-style":"unboxed","ast-global-header-display":"","ast-banner-title-visibility":"","ast-main-header-display":"","ast-hfb-above-header-display":"","ast-hfb-below-header-display":"","ast-hfb-mobile-header-display":"","site-post-title":"disabled","ast-breadcrumbs-content":"","ast-featured-img":"disabled","footer-sml-layout":"","theme-transparent-header-meta":"default","adv-header-id-meta":"","stick-header-meta":"","header-above-stick-meta":"","header-main-stick-meta":"","header-below-stick-meta":"","astra-migrate-meta-layouts":"default","ast-page-background-enabled":"default","ast-page-background-meta":{"desktop":{"background-color":"var(--ast-global-color-4)","background-image":"","background-repeat":"repeat","background-position":"center center","background-size":"auto","background-attachment":"scroll","background-type":"","background-media":"","overlay-type":"","overlay-color":"","overlay-gradient":""},"tablet":{"background-color":"","background-image":"","background-repeat":"repeat","background-position":"center center","background-size":"auto","background-attachment":"scroll","background-type":"","background-media":"","overlay-type":"","overlay-color":"","overlay-gradient":""},"mobile":{"background-color":"","background-image":"","background-repeat":"repeat","background-position":"center center","background-size":"auto","background-attachment":"scroll","background-type":"","background-media":"","overlay-type":"","overlay-color":"","overlay-gradient":""}},"ast-content-background-meta":{"desktop":{"background-color":"var(--ast-global-color-5)","background-image":"","background-repeat":"repeat","background-position":"center center","background-size":"auto","background-attachment":"scroll","background-type":"","background-media":"","overlay-type":"","overlay-color":"","overlay-gradient":""},"tablet":{"background-color":"var(--ast-global-color-5)","background-image":"","background-repeat":"repeat","background-position":"center center","background-size":"auto","background-attachment":"scroll","background-type":"","background-media":"","overlay-type":"","overlay-color":"","overlay-gradient":""},"mobile":{"background-color":"var(--ast-global-color-5)","background-image":"","background-repeat":"repeat","background-position":"center center","background-size":"auto","background-attachment":"scroll","background-type":"","background-media":"","overlay-type":"","overlay-color":"","overlay-gradient":""}}},"product_brand":[],"product_cat":[238],"product_tag":[121],"class_list":{"0":"post-2220","1":"product","2":"type-product","3":"status-publish","4":"has-post-thumbnail","6":"product_cat-non-classificato","7":"product_tag-telone","8":"product_shipping_class-standard-it","9":"desktop-align-left","10":"tablet-align-left","11":"mobile-align-left","12":"ast-product-gallery-layout-horizontal-slider","13":"ast-product-tabs-layout-vertical","15":"first","16":"instock","17":"taxable","18":"shipping-taxable","19":"purchasable","20":"product-type-simple"},"acf":[],"_links":{"self":[{"href":"https:\/\/thewildside.co\/it\/wp-json\/wp\/v2\/product\/2220","targetHints":{"allow":["GET"]}}],"collection":[{"href":"https:\/\/thewildside.co\/it\/wp-json\/wp\/v2\/product"}],"about":[{"href":"https:\/\/thewildside.co\/it\/wp-json\/wp\/v2\/types\/product"}],"version-history":[{"count":0,"href":"https:\/\/thewildside.co\/it\/wp-json\/wp\/v2\/product\/2220\/revisions"}],"wp:featuredmedia":[{"embeddable":true,"href":"https:\/\/thewildside.co\/it\/wp-json\/wp\/v2\/media\/1837"}],"wp:attachment":[{"href":"https:\/\/thewildside.co\/it\/wp-json\/wp\/v2\/media?parent=2220"}],"wp:term":[{"taxonomy":"product_brand","embeddable":true,"href":"https:\/\/thewildside.co\/it\/wp-json\/wp\/v2\/product_brand?post=2220"},{"taxonomy":"product_cat","embeddable":true,"href":"https:\/\/thewildside.co\/it\/wp-json\/wp\/v2\/product_cat?post=2220"},{"taxonomy":"product_tag","embeddable":true,"href":"https:\/\/thewildside.co\/it\/wp-json\/wp\/v2\/product_tag?post=2220"}],"curies":[{"name":"wp","href":"https:\/\/api.w.org\/{rel}","templated":true}]}}