{"id":3736,"date":"2023-03-30T12:33:10","date_gmt":"2023-03-30T10:33:10","guid":{"rendered":"https:\/\/thewildside.co\/legale\/politica-di-cancellazione\/"},"modified":"2023-04-03T00:27:57","modified_gmt":"2023-04-02T22:27:57","slug":"politica-di-cancellazione","status":"publish","type":"page","link":"https:\/\/thewildside.co\/it\/legale\/politica-di-cancellazione\/","title":{"rendered":"Diritto di recesso"},"content":{"rendered":"\t\t<div data-elementor-type=\"wp-page\" data-elementor-id=\"3736\" class=\"elementor elementor-3736 elementor-3731\" data-elementor-post-type=\"page\">\n\t\t\t\t<div class=\"elementor-element elementor-element-28e6362 c-box e-flex e-con-boxed e-con e-parent\" data-id=\"28e6362\" data-element_type=\"container\" data-settings=\"{&quot;content_width&quot;:&quot;boxed&quot;,&quot;jet_parallax_layout_list&quot;:[]}\" data-core-v316-plus=\"true\">\n\t\t\t\t\t<div class=\"e-con-inner\">\n\t\t\t\t<div class=\"elementor-element elementor-element-d0a6db8 elementor-widget elementor-widget-heading\" data-id=\"d0a6db8\" data-element_type=\"widget\" data-widget_type=\"heading.default\">\n\t\t\t\t<div class=\"elementor-widget-container\">\n\t\t\t<style>\/*! elementor - v3.19.0 - 28-02-2024 *\/\n.elementor-heading-title{padding:0;margin:0;line-height:1}.elementor-widget-heading .elementor-heading-title[class*=elementor-size-]>a{color:inherit;font-size:inherit;line-height:inherit}.elementor-widget-heading .elementor-heading-title.elementor-size-small{font-size:15px}.elementor-widget-heading .elementor-heading-title.elementor-size-medium{font-size:19px}.elementor-widget-heading .elementor-heading-title.elementor-size-large{font-size:29px}.elementor-widget-heading .elementor-heading-title.elementor-size-xl{font-size:39px}.elementor-widget-heading .elementor-heading-title.elementor-size-xxl{font-size:59px}<\/style><h1 class=\"elementor-heading-title elementor-size-default\">Politica di cancellazione\n<\/h1>\t\t<\/div>\n\t\t\t\t<\/div>\n\t\t\t\t<div class=\"elementor-element elementor-element-02f18a9 elementor-widget elementor-widget-heading\" data-id=\"02f18a9\" data-element_type=\"widget\" data-widget_type=\"heading.default\">\n\t\t\t\t<div class=\"elementor-widget-container\">\n\t\t\t<h4 class=\"elementor-heading-title elementor-size-default\">per i consumatori per un contratto in cui i beni sono forniti in un'unica soluzione<\/h4>\t\t<\/div>\n\t\t\t\t<\/div>\n\t\t<div class=\"elementor-element elementor-element-8a7d0bc e-flex e-con-boxed e-con e-parent\" data-id=\"8a7d0bc\" data-element_type=\"container\" data-settings=\"{&quot;content_width&quot;:&quot;boxed&quot;,&quot;jet_parallax_layout_list&quot;:[]}\" data-core-v316-plus=\"true\">\n\t\t\t\t\t<div class=\"e-con-inner\">\n\t\t\t\t<div class=\"elementor-element elementor-element-dbdd6e7 elementor-widget elementor-widget-heading\" data-id=\"dbdd6e7\" data-element_type=\"widget\" data-widget_type=\"heading.default\">\n\t\t\t\t<div class=\"elementor-widget-container\">\n\t\t\t<h4 class=\"elementor-heading-title elementor-size-default\">Politica di cancellazione<\/h4>\t\t<\/div>\n\t\t\t\t<\/div>\n\t\t\t\t<div class=\"elementor-element elementor-element-c4be152 elementor-widget elementor-widget-text-editor\" data-id=\"c4be152\" data-element_type=\"widget\" data-widget_type=\"text-editor.default\">\n\t\t\t\t<div class=\"elementor-widget-container\">\n\t\t\t<style>\/*! elementor - v3.19.0 - 28-02-2024 *\/\n.elementor-widget-text-editor.elementor-drop-cap-view-stacked .elementor-drop-cap{background-color:#69727d;color:#fff}.elementor-widget-text-editor.elementor-drop-cap-view-framed .elementor-drop-cap{color:#69727d;border:3px solid;background-color:transparent}.elementor-widget-text-editor:not(.elementor-drop-cap-view-default) .elementor-drop-cap{margin-top:8px}.elementor-widget-text-editor:not(.elementor-drop-cap-view-default) .elementor-drop-cap-letter{width:1em;height:1em}.elementor-widget-text-editor .elementor-drop-cap{float:left;text-align:center;line-height:1;font-size:50px}.elementor-widget-text-editor .elementor-drop-cap-letter{display:inline-block}<\/style>\t\t\t\t<p><span style=\"color: #324049; font-size: 16px; text-align: start;\">Un consumatore \u00e8 una persona fisica che conclude un negozio giuridico per scopi che non possono essere prevalentemente attribuiti n\u00e9 alla sua attivit\u00e0 commerciale n\u00e9 alla sua attivit\u00e0 professionale indipendente.<\/span><\/p>\n\t\t\t\t\t\t<\/div>\n\t\t\t\t<\/div>\n\t\t\t\t\t<\/div>\n\t\t\t\t<\/div>\n\t\t<div class=\"elementor-element elementor-element-ee7e855 e-flex e-con-boxed e-con e-parent\" data-id=\"ee7e855\" data-element_type=\"container\" data-settings=\"{&quot;content_width&quot;:&quot;boxed&quot;,&quot;jet_parallax_layout_list&quot;:[]}\" data-core-v316-plus=\"true\">\n\t\t\t\t\t<div class=\"e-con-inner\">\n\t\t\t\t<div class=\"elementor-element elementor-element-be0117a elementor-widget elementor-widget-heading\" data-id=\"be0117a\" data-element_type=\"widget\" data-widget_type=\"heading.default\">\n\t\t\t\t<div class=\"elementor-widget-container\">\n\t\t\t<h4 class=\"elementor-heading-title elementor-size-default\">Diritto di recesso<\/h4>\t\t<\/div>\n\t\t\t\t<\/div>\n\t\t\t\t<div class=\"elementor-element elementor-element-029736a elementor-widget elementor-widget-text-editor\" data-id=\"029736a\" data-element_type=\"widget\" data-widget_type=\"text-editor.default\">\n\t\t\t\t<div class=\"elementor-widget-container\">\n\t\t\t\t\t\t\t<p>Hai il diritto di annullare il contratto entro quattordici giorni senza fornire alcuna motivazione. Il periodo di recesso \u00e8 di quattordici giorni a partire dal giorno in cui tu o un terzo da te nominato, che non sia il trasportatore, avete o hanno preso possesso dei beni. Per esercitare il tuo diritto di recesso, devi informarci (Nextstopbern GmbH, Baarerstrasse 112, 6300 Zug, Svizzera, Email: hello@thewildside.co) della tua decisione di recedere dal presente contratto mediante una dichiarazione chiara (ad esempio una lettera o un&#8217;email inviata per posta). A tal fine puoi utilizzare il modello di modulo di recesso allegato, che tuttavia non \u00e8 obbligatorio. Per rispettare il periodo di cancellazione, \u00e8 sufficiente che tu invii la notifica dell&#8217;esercizio del diritto di cancellazione prima della fine del periodo di cancellazione.<\/p>\n\t\t\t\t\t\t<\/div>\n\t\t\t\t<\/div>\n\t\t\t\t\t<\/div>\n\t\t\t\t<\/div>\n\t\t<div class=\"elementor-element elementor-element-e79da60 e-flex e-con-boxed e-con e-parent\" data-id=\"e79da60\" data-element_type=\"container\" data-settings=\"{&quot;content_width&quot;:&quot;boxed&quot;,&quot;jet_parallax_layout_list&quot;:[]}\" data-core-v316-plus=\"true\">\n\t\t\t\t\t<div class=\"e-con-inner\">\n\t\t\t\t<div class=\"elementor-element elementor-element-02d1dc0 elementor-widget elementor-widget-heading\" data-id=\"02d1dc0\" data-element_type=\"widget\" data-widget_type=\"heading.default\">\n\t\t\t\t<div class=\"elementor-widget-container\">\n\t\t\t<h4 class=\"elementor-heading-title elementor-size-default\">Conseguenze della revoca<\/h4>\t\t<\/div>\n\t\t\t\t<\/div>\n\t\t\t\t<div class=\"elementor-element elementor-element-a466c28 elementor-widget elementor-widget-text-editor\" data-id=\"a466c28\" data-element_type=\"widget\" data-widget_type=\"text-editor.default\">\n\t\t\t\t<div class=\"elementor-widget-container\">\n\t\t\t\t\t\t\t<p>Se recedi dal presente contratto, dobbiamo rimborsare tutti i pagamenti che abbiamo ricevuto da te, compresi i costi di consegna (ad eccezione dei costi aggiuntivi derivanti dal fatto che hai scelto un tipo di consegna diverso dalla consegna standard pi\u00f9 economica da noi offerta), senza indugio e al pi\u00f9 tardi entro quattordici giorni dal giorno in cui abbiamo ricevuto la notifica del tuo recesso dal contratto. Per questo rimborso, utilizziamo lo stesso mezzo di pagamento che hai usato per la transazione originale, a meno che non sia stato espressamente concordato diversamente con te; in nessun caso ti verr\u00e0 addebitato un costo per questo rimborso. Potremmo rifiutare il rimborso fino a quando non avremo ricevuto la merce o fino a quando non avrai fornito la prova di averla restituita, a seconda di quale delle due condizioni si verifichi per prima. Dovrai restituirci o consegnarci i beni immediatamente e in ogni caso non oltre quattordici giorni dal giorno in cui ci hai comunicato la cancellazione del contratto. Il termine \u00e8 rispettato se invii la merce prima della scadenza del periodo di quattordici giorni.<br \/>Il cliente dovr\u00e0 sostenere i costi diretti della restituzione della merce.<br \/>Dovrai pagare solo l&#8217;eventuale perdita di valore dei beni se tale perdita di valore \u00e8 dovuta a una manipolazione dei beni non necessaria per testare la qualit\u00e0, le caratteristiche e il funzionamento dei beni.<\/p>\n\t\t\t\t\t\t<\/div>\n\t\t\t\t<\/div>\n\t\t\t\t\t<\/div>\n\t\t\t\t<\/div>\n\t\t<div class=\"elementor-element elementor-element-41cbb2d e-flex e-con-boxed e-con e-parent\" data-id=\"41cbb2d\" data-element_type=\"container\" data-settings=\"{&quot;content_width&quot;:&quot;boxed&quot;,&quot;jet_parallax_layout_list&quot;:[]}\" data-core-v316-plus=\"true\">\n\t\t\t\t\t<div class=\"e-con-inner\">\n\t\t\t\t<div class=\"elementor-element elementor-element-71c7457 elementor-widget elementor-widget-heading\" data-id=\"71c7457\" data-element_type=\"widget\" data-widget_type=\"heading.default\">\n\t\t\t\t<div class=\"elementor-widget-container\">\n\t\t\t<h4 class=\"elementor-heading-title elementor-size-default\">Esempio di modulo di cancellazione<\/h4>\t\t<\/div>\n\t\t\t\t<\/div>\n\t\t\t\t<div class=\"elementor-element elementor-element-1cdc5e5 elementor-widget elementor-widget-text-editor\" data-id=\"1cdc5e5\" data-element_type=\"widget\" data-widget_type=\"text-editor.default\">\n\t\t\t\t<div class=\"elementor-widget-container\">\n\t\t\t\t\t\t\t<p>(Se desideri revocare il contratto, compila e restituisci questo modulo).<br \/>&#8211; A [inserire: Nome\/azienda, indirizzo, indirizzo e-mail e, se disponibile, numero di fax]:<br \/>&#8211; Io\/noi (*) con la presente revoca il contratto da me\/noi (*) stipulato per l&#8217;acquisto dei seguenti beni (*)\/la fornitura del seguente servizio (*)<br \/>&#8211; Ordinato il (*)\/ricevuto il (*)<br \/>&#8211; Nome del\/i consumatore\/i<br \/>&#8211; Indirizzo del\/i consumatore\/i<br \/>&#8211; Firma del\/i consumatore\/i (solo in caso di notifica su carta)<br \/>&#8211; Data<br \/>&#8212;&#8212;&#8212;&#8212;-<br \/>(*) Cancellare se applicabile.<\/p>\n\t\t\t\t\t\t<\/div>\n\t\t\t\t<\/div>\n\t\t\t\t\t<\/div>\n\t\t\t\t<\/div>\n\t\t<div class=\"elementor-element elementor-element-33b9b4c e-flex e-con-boxed e-con e-parent\" data-id=\"33b9b4c\" data-element_type=\"container\" data-settings=\"{&quot;content_width&quot;:&quot;boxed&quot;,&quot;jet_parallax_layout_list&quot;:[]}\" data-core-v316-plus=\"true\">\n\t\t\t\t\t<div class=\"e-con-inner\">\n\t\t\t\t<div class=\"elementor-element elementor-element-f995d90 elementor-widget elementor-widget-heading\" data-id=\"f995d90\" data-element_type=\"widget\" data-widget_type=\"heading.default\">\n\t\t\t\t<div class=\"elementor-widget-container\">\n\t\t\t<h4 class=\"elementor-heading-title elementor-size-default\">Esclusione o scadenza anticipata del diritto di recesso<\/h4>\t\t<\/div>\n\t\t\t\t<\/div>\n\t\t\t\t<div class=\"elementor-element elementor-element-0a355b8 elementor-widget elementor-widget-text-editor\" data-id=\"0a355b8\" data-element_type=\"widget\" data-widget_type=\"text-editor.default\">\n\t\t\t\t<div class=\"elementor-widget-container\">\n\t\t\t\t\t\t\t<p>Il diritto di recesso non si applica ai contratti per la consegna di beni che non sono prefabbricati e per la cui produzione \u00e8 decisiva una scelta o una determinazione individuale da parte del consumatore o che sono chiaramente adattati alle esigenze personali del consumatore; per la consegna di beni che possono deteriorarsi rapidamente o la cui data di scadenza verrebbe rapidamente superata; per la fornitura di bevande alcoliche, il cui prezzo \u00e8 stato concordato al momento della conclusione del contratto, ma che possono essere consegnate non prima di 30 giorni dalla conclusione del contratto e il cui valore attuale dipende dalle fluttuazioni del mercato su cui il professionista non ha alcuna influenza; per la fornitura di giornali, periodici o riviste, ad eccezione dei contratti di abbonamento.<br \/>Il diritto di recesso decade anticipatamente nel caso di contratti per la consegna di beni sigillati che non si prestano ad essere restituiti per motivi di tutela della salute o di igiene se il loro sigillo \u00e8 stato rimosso dopo la consegna; per la consegna di beni se questi sono stati mescolati in modo indissolubile con altri beni dopo la consegna a causa della loro natura; per la consegna di registrazioni sonore o video o di software informatici in una confezione sigillata se il sigillo \u00e8 stato rimosso dopo la consegna.<\/p>\n\t\t\t\t\t\t<\/div>\n\t\t\t\t<\/div>\n\t\t\t\t\t<\/div>\n\t\t\t\t<\/div>\n\t\t<div class=\"elementor-element elementor-element-ceff64d e-flex e-con-boxed e-con e-parent\" data-id=\"ceff64d\" data-element_type=\"container\" data-settings=\"{&quot;content_width&quot;:&quot;boxed&quot;,&quot;jet_parallax_layout_list&quot;:[]}\" data-core-v316-plus=\"true\">\n\t\t\t\t\t<div class=\"e-con-inner\">\n\t\t\t\t<div class=\"elementor-element elementor-element-939e909 elementor-widget elementor-widget-text-editor\" data-id=\"939e909\" data-element_type=\"widget\" data-widget_type=\"text-editor.default\">\n\t\t\t\t<div class=\"elementor-widget-container\">\n\t\t\t\t\t\t\t<p><em>Treno, 17.12.2021<\/em><\/p>\n\t\t\t\t\t\t<\/div>\n\t\t\t\t<\/div>\n\t\t\t\t\t<\/div>\n\t\t\t\t<\/div>\n\t\t\t\t\t<\/div>\n\t\t\t\t<\/div>\n\t\t\t\t<\/div>\n\t\t","protected":false},"excerpt":{"rendered":"<p>Politica di cancellazione per i consumatori per un contratto in cui i beni sono forniti in un&#8217;unica soluzione Politica di cancellazione Un consumatore \u00e8 una persona fisica che conclude un negozio giuridico per scopi che non possono essere prevalentemente attribuiti n\u00e9 alla sua attivit\u00e0 commerciale n\u00e9 alla sua attivit\u00e0 professionale indipendente. Diritto di recesso Hai [&hellip;]<\/p>\n","protected":false},"author":1,"featured_media":0,"parent":3649,"menu_order":0,"comment_status":"closed","ping_status":"closed","template":"","meta":{"_acf_changed":false,"site-sidebar-layout":"no-sidebar","site-content-layout":"page-builder","ast-site-content-layout":"","site-content-style":"default","site-sidebar-style":"default","ast-global-header-display":"","ast-banner-title-visibility":"","ast-main-header-display":"","ast-hfb-above-header-display":"","ast-hfb-below-header-display":"","ast-hfb-mobile-header-display":"","site-post-title":"disabled","ast-breadcrumbs-content":"","ast-featured-img":"disabled","footer-sml-layout":"","theme-transparent-header-meta":"","adv-header-id-meta":"","stick-header-meta":"","header-above-stick-meta":"","header-main-stick-meta":"","header-below-stick-meta":"","astra-migrate-meta-layouts":"default","ast-page-background-enabled":"default","ast-page-background-meta":{"desktop":{"background-color":"var(--ast-global-color-4)","background-image":"","background-repeat":"repeat","background-position":"center center","background-size":"auto","background-attachment":"scroll","background-type":"","background-media":"","overlay-type":"","overlay-color":"","overlay-gradient":""},"tablet":{"background-color":"","background-image":"","background-repeat":"repeat","background-position":"center center","background-size":"auto","background-attachment":"scroll","background-type":"","background-media":"","overlay-type":"","overlay-color":"","overlay-gradient":""},"mobile":{"background-color":"","background-image":"","background-repeat":"repeat","background-position":"center center","background-size":"auto","background-attachment":"scroll","background-type":"","background-media":"","overlay-type":"","overlay-color":"","overlay-gradient":""}},"ast-content-background-meta":{"desktop":{"background-color":"var(--ast-global-color-5)","background-image":"","background-repeat":"repeat","background-position":"center center","background-size":"auto","background-attachment":"scroll","background-type":"","background-media":"","overlay-type":"","overlay-color":"","overlay-gradient":""},"tablet":{"background-color":"var(--ast-global-color-5)","background-image":"","background-repeat":"repeat","background-position":"center center","background-size":"auto","background-attachment":"scroll","background-type":"","background-media":"","overlay-type":"","overlay-color":"","overlay-gradient":""},"mobile":{"background-color":"var(--ast-global-color-5)","background-image":"","background-repeat":"repeat","background-position":"center center","background-size":"auto","background-attachment":"scroll","background-type":"","background-media":"","overlay-type":"","overlay-color":"","overlay-gradient":""}},"footnotes":""},"class_list":["post-3736","page","type-page","status-publish","hentry"],"acf":[],"_links":{"self":[{"href":"https:\/\/thewildside.co\/it\/wp-json\/wp\/v2\/pages\/3736","targetHints":{"allow":["GET"]}}],"collection":[{"href":"https:\/\/thewildside.co\/it\/wp-json\/wp\/v2\/pages"}],"about":[{"href":"https:\/\/thewildside.co\/it\/wp-json\/wp\/v2\/types\/page"}],"author":[{"embeddable":true,"href":"https:\/\/thewildside.co\/it\/wp-json\/wp\/v2\/users\/1"}],"replies":[{"embeddable":true,"href":"https:\/\/thewildside.co\/it\/wp-json\/wp\/v2\/comments?post=3736"}],"version-history":[{"count":0,"href":"https:\/\/thewildside.co\/it\/wp-json\/wp\/v2\/pages\/3736\/revisions"}],"up":[{"embeddable":true,"href":"https:\/\/thewildside.co\/it\/wp-json\/wp\/v2\/pages\/3649"}],"wp:attachment":[{"href":"https:\/\/thewildside.co\/it\/wp-json\/wp\/v2\/media?parent=3736"}],"curies":[{"name":"wp","href":"https:\/\/api.w.org\/{rel}","templated":true}]}}