{"id":2219,"date":"2021-08-15T17:19:22","date_gmt":"2021-08-15T15:19:22","guid":{"rendered":"https:\/\/thewildside.co\/product\/set-de-tarp-pour-camping-car\/"},"modified":"2025-08-17T15:17:13","modified_gmt":"2025-08-17T13:17:13","slug":"ensemble-campervan-tarp","status":"publish","type":"product","link":"https:\/\/thewildside.co\/fr\/product\/ensemble-campervan-tarp\/","title":{"rendered":"Set de tarp pour camping-car"},"content":{"rendered":"<p dir=\"ltr\"><strong>Plus d&#8217;espace<br \/>\n<\/strong>Enti\u00e8rement d\u00e9ploy\u00e9, notre tarp t&#8217;offre pr\u00e8s de 20m\u00b2 de surface et donc plus d&#8217;ombre que la plupart des stores sur le march\u00e9. Si tu n&#8217;as pas beaucoup de place, tu peux tendre les c\u00f4t\u00e9s vers le bas (comme les parois lat\u00e9rales) ou les enrouler. La profondeur de 3 m\u00e8tres peut \u00e9galement \u00eatre r\u00e9duite en l&#8217;\u00e9tirant comme un toit \u00e0 pignon. Tu vois, tu as une flexibilit\u00e9 totale &#8211; et pourtant, il tient dans un petit duffelbag (comme un petit sac de sport).<\/p>\n<p dir=\"ltr\"><strong>et protection<br \/>\n<\/strong>Un tissu en nylon ind\u00e9chirable con\u00e7u pour nous avec un rev\u00eatement en silicone multicouche, des points d&#8217;ancrage renforc\u00e9s en sangle de s\u00e9curit\u00e9 et des \u0153illets brod\u00e9s pour les m\u00e2ts du tarp permettent \u00e0 ce dernier de r\u00e9sister aux conditions les plus difficiles. Les sardines en spirale et les sardines sable\/neige en kit te permettent aussi de les fixer dans les sols mous.<\/p>\n<p dir=\"ltr\"><strong>au soleil<br \/>\n<\/strong>Les tissus bon march\u00e9 utilisent g\u00e9n\u00e9ralement un rev\u00eatement PU qui se fragilise avec le temps. Le tissu d\u00e9velopp\u00e9 pour nous est extra doux et le rev\u00eatement en silicone est r\u00e9sistant aux UV. La face sup\u00e9rieure r\u00e9fl\u00e9chit la lumi\u00e8re et la face inf\u00e9rieure est compl\u00e8tement opaque. Nous pouvons donc garantir une protection UV de 50+ en toute bonne conscience.<\/p>\n<p dir=\"ltr\"><strong>Vent<br \/>\n<\/strong>En tant qu&#8217;Allemand du nord d&#8217;origine, Florian sait ce qu&#8217;est une brise raide. Le tarp est con\u00e7u pour r\u00e9sister \u00e0 un vent plus fort. Nous utilisons de la sangle de s\u00e9curit\u00e9 avec un insert Hyperlon r\u00e9sistant \u00e0 l&#8217;abrasion pour que les points d&#8217;ancrage soient extr\u00eamement robustes. Les parois lat\u00e9rales qui se tendent vers le bas permettent aussi de se prot\u00e9ger un peu plus en cas de vent lat\u00e9ral.<\/p>\n<p><strong>et la pluie<br \/>\n<\/strong>l&#8217;eau s&#8217;\u00e9coule vers le bas. C&#8217;est pourquoi notre tarp a fondamentalement besoin d&#8217;une pente. En revanche, les c\u00f4t\u00e9s peuvent \u00eatre hauban\u00e9s vers le bas et depuis la deuxi\u00e8me production, toutes les coutures sont maintenant scell\u00e9es. Ainsi, m\u00eame s&#8217;il pleut, tu peux profiter de la nature \u00e0 l&#8217;ext\u00e9rieur.<\/p>\n<p><strong>Qu&#8217;est-ce qui nous diff\u00e9rencie des autres offres ?<\/strong><\/p>\n<ul>\n<li>Tissu flexible et r\u00e9sistant \u00e0 la d\u00e9chirure qui reprend sa forme initiale apr\u00e8s avoir \u00e9t\u00e9 sollicit\u00e9.<\/li>\n<li dir=\"ltr\" role=\"presentation\">rev\u00eatement en silicone \u00e9tanche \u00e0 la lumi\u00e8re (au lieu de PU) qui ne peut pas se fragiliser<\/li>\n<li dir=\"ltr\" role=\"presentation\">Points d&#8217;ancrage avec boucles brod\u00e9es pour les barres de tarp. Ainsi, il n&#8217;y a pas d&#8217;\u0153illets m\u00e9talliques bon march\u00e9 qui s&#8217;arrachent avec le temps.<\/li>\n<li>Inserts Hyperlon r\u00e9sistants \u00e0 l&#8217;abrasion dans les boucles<\/li>\n<li>Notre tarp est plus rapide \u00e0 monter gr\u00e2ce au sas amovible et tient debout tout seul. Il peut donc rester debout pour une sortie shopping ou servir pour une garden-party.<\/li>\n<li dir=\"ltr\" role=\"presentation\">Les barres sont r\u00e9glables en hauteur et s&#8217;embo\u00eetent. Ils sont enti\u00e8rement en aluminium renforc\u00e9 et n&#8217;ont pas de pi\u00e8ces en plastique.<\/li>\n<li dir=\"ltr\" role=\"presentation\">Le set de diff\u00e9rents piquets offre des possibilit\u00e9s de montage dans la plupart des sols.<\/li>\n<li dir=\"ltr\" aria-level=\"1\">\n<p dir=\"ltr\" role=\"presentation\">Les cordons sont ind\u00e9chirables et extra r\u00e9fl\u00e9chissants avec des haubans en aluminium tr\u00e8s faciles \u00e0 utiliser.<\/p>\n<\/li>\n<\/ul>\n","protected":false},"excerpt":{"rendered":"<p>1x The Wildside Campervan Tarp<br \/>\n1x Unit\u00e9 de v\u00e9hicule amovible (sas)<br \/>\n1x Sac (pour le tarp et tous les accessoires avec compartiment s\u00e9par\u00e9 pour le sas) &#8211; un peu plus grand qu&#8217;une bo\u00eete \u00e0 chaussures (et compressible !))<br \/>\n1x sac pour les piquets et les cordes<br \/>\n1x sac pour les piquets<br \/>\n4x piquets r\u00e9glables en hauteur (7075 aluminium)<br \/>\n2x piquets sable\/neige (7075 aluminium)<br \/>\n3x piquets en spirale pour les sols boueux (7075 aluminium)<br \/>\n7x piquets en Y &#8211; les piquets universels et robustes (7075 aluminium)<br \/>\n12x cordes de haubanage r\u00e9fl\u00e9chissantes en paracorde avec attache rapide (qualit\u00e9 mil-tec)<\/p>\n","protected":false},"featured_media":467,"template":"","meta":{"_acf_changed":false,"site-sidebar-layout":"no-sidebar","site-content-layout":"page-builder","ast-site-content-layout":"full-width-container","site-content-style":"unboxed","site-sidebar-style":"unboxed","ast-global-header-display":"","ast-banner-title-visibility":"","ast-main-header-display":"","ast-hfb-above-header-display":"","ast-hfb-below-header-display":"","ast-hfb-mobile-header-display":"","site-post-title":"disabled","ast-breadcrumbs-content":"","ast-featured-img":"disabled","footer-sml-layout":"","theme-transparent-header-meta":"default","adv-header-id-meta":"","stick-header-meta":"","header-above-stick-meta":"","header-main-stick-meta":"","header-below-stick-meta":"","astra-migrate-meta-layouts":"default","ast-page-background-enabled":"default","ast-page-background-meta":{"desktop":{"background-color":"var(--ast-global-color-4)","background-image":"","background-repeat":"repeat","background-position":"center center","background-size":"auto","background-attachment":"scroll","background-type":"","background-media":"","overlay-type":"","overlay-color":"","overlay-gradient":""},"tablet":{"background-color":"","background-image":"","background-repeat":"repeat","background-position":"center center","background-size":"auto","background-attachment":"scroll","background-type":"","background-media":"","overlay-type":"","overlay-color":"","overlay-gradient":""},"mobile":{"background-color":"","background-image":"","background-repeat":"repeat","background-position":"center center","background-size":"auto","background-attachment":"scroll","background-type":"","background-media":"","overlay-type":"","overlay-color":"","overlay-gradient":""}},"ast-content-background-meta":{"desktop":{"background-color":"var(--ast-global-color-5)","background-image":"","background-repeat":"repeat","background-position":"center center","background-size":"auto","background-attachment":"scroll","background-type":"","background-media":"","overlay-type":"","overlay-color":"","overlay-gradient":""},"tablet":{"background-color":"var(--ast-global-color-5)","background-image":"","background-repeat":"repeat","background-position":"center center","background-size":"auto","background-attachment":"scroll","background-type":"","background-media":"","overlay-type":"","overlay-color":"","overlay-gradient":""},"mobile":{"background-color":"var(--ast-global-color-5)","background-image":"","background-repeat":"repeat","background-position":"center center","background-size":"auto","background-attachment":"scroll","background-type":"","background-media":"","overlay-type":"","overlay-color":"","overlay-gradient":""}}},"product_brand":[],"product_cat":[237],"product_tag":[120],"class_list":{"0":"post-2219","1":"product","2":"type-product","3":"status-publish","4":"has-post-thumbnail","6":"product_cat-non-classe-fr","7":"product_tag-tarpset-fr","8":"product_shipping_class-standard-fr","9":"desktop-align-left","10":"tablet-align-left","11":"mobile-align-left","12":"ast-product-gallery-layout-horizontal-slider","13":"ast-product-tabs-layout-vertical","15":"first","16":"instock","17":"taxable","18":"shipping-taxable","19":"purchasable","20":"product-type-simple"},"acf":[],"_links":{"self":[{"href":"https:\/\/thewildside.co\/fr\/wp-json\/wp\/v2\/product\/2219","targetHints":{"allow":["GET"]}}],"collection":[{"href":"https:\/\/thewildside.co\/fr\/wp-json\/wp\/v2\/product"}],"about":[{"href":"https:\/\/thewildside.co\/fr\/wp-json\/wp\/v2\/types\/product"}],"version-history":[{"count":0,"href":"https:\/\/thewildside.co\/fr\/wp-json\/wp\/v2\/product\/2219\/revisions"}],"wp:featuredmedia":[{"embeddable":true,"href":"https:\/\/thewildside.co\/fr\/wp-json\/wp\/v2\/media\/467"}],"wp:attachment":[{"href":"https:\/\/thewildside.co\/fr\/wp-json\/wp\/v2\/media?parent=2219"}],"wp:term":[{"taxonomy":"product_brand","embeddable":true,"href":"https:\/\/thewildside.co\/fr\/wp-json\/wp\/v2\/product_brand?post=2219"},{"taxonomy":"product_cat","embeddable":true,"href":"https:\/\/thewildside.co\/fr\/wp-json\/wp\/v2\/product_cat?post=2219"},{"taxonomy":"product_tag","embeddable":true,"href":"https:\/\/thewildside.co\/fr\/wp-json\/wp\/v2\/product_tag?post=2219"}],"curies":[{"name":"wp","href":"https:\/\/api.w.org\/{rel}","templated":true}]}}