{"id":2221,"date":"2021-08-15T17:19:22","date_gmt":"2021-08-15T15:19:22","guid":{"rendered":"https:\/\/thewildside.co\/product\/juego-de-lona-para-autocaravana\/"},"modified":"2025-04-16T09:37:23","modified_gmt":"2025-04-16T07:37:23","slug":"juego-de-lona-para-autocaravana","status":"publish","type":"product","link":"https:\/\/thewildside.co\/es\/product\/juego-de-lona-para-autocaravana\/","title":{"rendered":"Juego de lona para autocaravana"},"content":{"rendered":"<p dir=\"ltr\"><strong>M\u00e1s espacio<br \/>\n<\/strong>Nuestra lona te ofrece casi 20 m\u00b2 de espacio cuando est\u00e1 totalmente extendida y, por tanto, m\u00e1s sombra que la mayor\u00eda de los toldos del mercado. Si no dispones de tanto espacio, puedes estirar los laterales hacia abajo (como paredes laterales) o enrollarlos. La profundidad de 3 metros tambi\u00e9n puede reducirse extendi\u00e9ndola como un tejado a dos aguas. Como ves, tienes flexibilidad total, y aun as\u00ed cabe en una peque\u00f1a bolsa de lona (como una peque\u00f1a bolsa de deporte).<\/p>\n<p dir=\"ltr\"><strong>y protecci\u00f3n<br \/>\n<\/strong>Un tejido de nailon resistente al desgarro desarrollado para nosotros con un revestimiento de silicona multicapa, puntos de anclaje reforzados con cinchas de seguridad y ojales cosidos para los postes de la lona garantizan que \u00e9sta pueda soportar condiciones adversas. Las clavijas en espiral y las clavijas para arena\/nieve del conjunto tambi\u00e9n te permiten fijarlo en terrenos blandos.<\/p>\n<p dir=\"ltr\"><strong>al sol<br \/>\n<\/strong>Los tejidos baratos suelen utilizar un revestimiento de PU que se vuelve quebradizo con el tiempo. El tejido desarrollado para nosotros es extrasuave y el revestimiento de silicona es resistente a los rayos UV. La cara superior refleja la luz y la inferior es totalmente opaca. As\u00ed que podemos conceder una protecci\u00f3n UV de 50+ con la conciencia tranquila.<\/p>\n<p dir=\"ltr\"><strong>Viento<br \/>\n<\/strong>Como originario del norte de Alemania, Florian sabe lo que es una brisa fuerte. La lona est\u00e1 dise\u00f1ada para resistir incluso un fuerte viento. Utilizamos cinchas de seguridad con un inserto de Hyperlon resistente a la abrasi\u00f3n para que los puntos de anclaje sean extremadamente robustos. Las paredes laterales, que se pueden tensar hacia abajo, tambi\u00e9n permiten un poco m\u00e1s de protecci\u00f3n con vientos cruzados.<\/p>\n<p><strong>y la lluvia<br \/>\n<\/strong>El agua fluye hacia abajo. Por eso nuestra lona siempre necesita una pendiente. Para ello, los laterales pueden tensarse hacia abajo y, desde la segunda producci\u00f3n, todas las costuras est\u00e1n selladas. As\u00ed tambi\u00e9n podr\u00e1s disfrutar de la naturaleza en el exterior cuando llueva.<\/p>\n<p><strong>\u00bfQu\u00e9 nos diferencia de otras ofertas?<\/strong><\/p>\n<ul>\n<li>Tejido flexible y resistente a los desgarros que recupera su forma original tras el esfuerzo.<\/li>\n<li dir=\"ltr\" role=\"presentation\">Revestimiento de silicona resistente a la luz (en lugar de PU) que no puede volverse quebradizo.<\/li>\n<li dir=\"ltr\" role=\"presentation\">Puntos de anclaje con presillas cosidas para m\u00e1stiles de lona. As\u00ed no hay ojales met\u00e1licos baratos que se rompen con el tiempo.<\/li>\n<li>Inserciones de Hyperlon resistentes a la abrasi\u00f3n en las trabillas<\/li>\n<li>Nuestra lona es m\u00e1s r\u00e1pida de montar gracias al cierre desmontable y tambi\u00e9n se mantiene sola. As\u00ed que se puede dejar para ir de compras o incluso servir para la fiesta del jard\u00edn.<\/li>\n<li dir=\"ltr\" role=\"presentation\">Los postes son regulables en altura y se enchufan. Est\u00e1n totalmente fabricados en aluminio reforzado y no tienen piezas de pl\u00e1stico<\/li>\n<li dir=\"ltr\" role=\"presentation\">El conjunto de diferentes clavijas ofrece opciones de montaje en la mayor\u00eda de los suelos.<\/li>\n<li dir=\"ltr\" aria-level=\"1\">\n<p dir=\"ltr\" role=\"presentation\">Las cuerdas son resistentes al desgarro y extra reflectantes, con vientos de aluminio muy f\u00e1ciles de usar.<\/p>\n<\/li>\n<\/ul>\n","protected":false},"excerpt":{"rendered":"<p>1x La lona para autocaravanas Wildside<br \/>\n1x Unidad desmontable para el veh\u00edculo (esclusa)<br \/>\n1x Bolsa (para la lona y todos los accesorios, con compartimento separado para la esclusa): un poco m\u00e1s grande que una caja de zapatos (\u00a1y comprimible!))<br \/>\n1x bolsa para las piquetas y las cuerdas<br \/>\n1x bolsa para las piquetas<br \/>\n4x piquetas regulables en altura (aluminio 7075)<br \/>\n2x piquetas para arena\/nieve (aluminio 7075)<br \/>\n3x piquetas en espiral para terrenos embarrados (aluminio 7075)<br \/>\n7x piquetas en Y &#8211; las piquetas robustas universales (aluminio 7075)<br \/>\n12x cuerdas tensoras reflectantes de paracord con desenganche r\u00e1pido (calidad mil-tec)<\/p>\n","protected":false},"featured_media":468,"template":"","meta":{"_acf_changed":false,"site-sidebar-layout":"no-sidebar","site-content-layout":"page-builder","ast-site-content-layout":"full-width-container","site-content-style":"unboxed","site-sidebar-style":"unboxed","ast-global-header-display":"","ast-banner-title-visibility":"","ast-main-header-display":"","ast-hfb-above-header-display":"","ast-hfb-below-header-display":"","ast-hfb-mobile-header-display":"","site-post-title":"disabled","ast-breadcrumbs-content":"","ast-featured-img":"disabled","footer-sml-layout":"","theme-transparent-header-meta":"default","adv-header-id-meta":"","stick-header-meta":"","header-above-stick-meta":"","header-main-stick-meta":"","header-below-stick-meta":"","astra-migrate-meta-layouts":"default","ast-page-background-enabled":"default","ast-page-background-meta":{"desktop":{"background-color":"var(--ast-global-color-4)","background-image":"","background-repeat":"repeat","background-position":"center center","background-size":"auto","background-attachment":"scroll","background-type":"","background-media":"","overlay-type":"","overlay-color":"","overlay-gradient":""},"tablet":{"background-color":"","background-image":"","background-repeat":"repeat","background-position":"center center","background-size":"auto","background-attachment":"scroll","background-type":"","background-media":"","overlay-type":"","overlay-color":"","overlay-gradient":""},"mobile":{"background-color":"","background-image":"","background-repeat":"repeat","background-position":"center center","background-size":"auto","background-attachment":"scroll","background-type":"","background-media":"","overlay-type":"","overlay-color":"","overlay-gradient":""}},"ast-content-background-meta":{"desktop":{"background-color":"var(--ast-global-color-5)","background-image":"","background-repeat":"repeat","background-position":"center center","background-size":"auto","background-attachment":"scroll","background-type":"","background-media":"","overlay-type":"","overlay-color":"","overlay-gradient":""},"tablet":{"background-color":"var(--ast-global-color-5)","background-image":"","background-repeat":"repeat","background-position":"center center","background-size":"auto","background-attachment":"scroll","background-type":"","background-media":"","overlay-type":"","overlay-color":"","overlay-gradient":""},"mobile":{"background-color":"var(--ast-global-color-5)","background-image":"","background-repeat":"repeat","background-position":"center center","background-size":"auto","background-attachment":"scroll","background-type":"","background-media":"","overlay-type":"","overlay-color":"","overlay-gradient":""}}},"product_brand":[],"product_cat":[239],"product_tag":[122],"class_list":{"0":"post-2221","1":"product","2":"type-product","3":"status-publish","4":"has-post-thumbnail","6":"product_cat-no-clasificado","7":"product_tag-lona","8":"product_shipping_class-estandar","9":"desktop-align-left","10":"tablet-align-left","11":"mobile-align-left","12":"ast-product-gallery-layout-horizontal-slider","13":"ast-product-tabs-layout-vertical","15":"first","16":"instock","17":"taxable","18":"shipping-taxable","19":"purchasable","20":"product-type-simple"},"acf":[],"_links":{"self":[{"href":"https:\/\/thewildside.co\/es\/wp-json\/wp\/v2\/product\/2221","targetHints":{"allow":["GET"]}}],"collection":[{"href":"https:\/\/thewildside.co\/es\/wp-json\/wp\/v2\/product"}],"about":[{"href":"https:\/\/thewildside.co\/es\/wp-json\/wp\/v2\/types\/product"}],"version-history":[{"count":0,"href":"https:\/\/thewildside.co\/es\/wp-json\/wp\/v2\/product\/2221\/revisions"}],"wp:featuredmedia":[{"embeddable":true,"href":"https:\/\/thewildside.co\/es\/wp-json\/wp\/v2\/media\/468"}],"wp:attachment":[{"href":"https:\/\/thewildside.co\/es\/wp-json\/wp\/v2\/media?parent=2221"}],"wp:term":[{"taxonomy":"product_brand","embeddable":true,"href":"https:\/\/thewildside.co\/es\/wp-json\/wp\/v2\/product_brand?post=2221"},{"taxonomy":"product_cat","embeddable":true,"href":"https:\/\/thewildside.co\/es\/wp-json\/wp\/v2\/product_cat?post=2221"},{"taxonomy":"product_tag","embeddable":true,"href":"https:\/\/thewildside.co\/es\/wp-json\/wp\/v2\/product_tag?post=2221"}],"curies":[{"name":"wp","href":"https:\/\/api.w.org\/{rel}","templated":true}]}}